{"id":3,"date":"2026-02-16T10:24:25","date_gmt":"2026-02-16T10:24:25","guid":{"rendered":"https:\/\/stellawithlove.com\/test\/?page_id=3"},"modified":"2026-02-22T08:40:58","modified_gmt":"2026-02-22T08:40:58","slug":"privacy-policy","status":"publish","type":"page","link":"https:\/\/lustundliebeleipzig.de\/?page_id=3","title":{"rendered":"Datenschutzerkl\u00e4rung"},"content":{"rendered":"\n<p><strong>Wer wir sind<\/strong><br>Die Adresse unserer Website ist: https:\/\/lustundliebeleipzig.de<\/p>\n\n\n\n<p>\u00a0<strong>Kommentare<\/strong><br>Wenn Besucher Kommentare auf der Website schreiben, sammeln wir die Daten, die im Kommentar-Formular angezeigt werden, au\u00dferdem die IP-Adresse des Besuchers und den User-Agent-String (damit wird der Browser identifiziert) zur Hilfe bei der Erkennung von Spam.\u00a0Aus deiner E-Mail-Adresse kann eine anonymisierte Zeichenfolge (auch Hash genannt) an den Gravatar-Dienst \u00fcbermittelt werden, um zu pr\u00fcfen, ob du diesen benutzt. Die Datenschutzerkl\u00e4rung des Gravatar-Dienstes findest du hier:\u00a0<a href=\"https:\/\/automattic.com\/privacy\/\" target=\"_blank\" rel=\"noreferrer noopener\">https:\/\/automattic.com\/privacy\/<\/a>. Nach Freigabe deines Kommentars ist dein Profilbild \u00f6ffentlich im Kontext deines Kommentars sichtbar.<\/p>\n\n\n\n<p><strong>Medien<\/strong><br>Wenn du Bilder auf die Website l\u00e4dst, solltest du vermeiden, Bilder mit eingebetteten Standortdaten (EXIF GPS) hochzuladen. Besucher der Website k\u00f6nnten diese Standortdaten aus den Bildern herunterladen und auslesen.<\/p>\n\n\n\n<p><strong>Cookies<\/strong><br>Wenn du einen Kommentar auf unserer Website schreibst, kannst du dich daf\u00fcr entscheiden, deinen Namen, deine E-Mail-Adresse und deine Website in Cookies zu speichern. Dies dient deiner Bequemlichkeit, damit du bei einem weiteren Kommentar nicht erneut all diese Daten eingeben musst. Diese Cookies werden ein Jahr lang gespeichert.\u00a0Wenn du unsere Login-Seite besuchst, wird ein tempor\u00e4res Cookie gesetzt, um festzustellen, ob dein Browser Cookies akzeptiert. Dieses Cookie enth\u00e4lt keine personenbezogenen Daten und wird verworfen, sobald du deinen Browser schlie\u00dft.\u00a0Beim Einloggen werden au\u00dferdem mehrere Cookies gesetzt, um deine Anmeldeinformationen und deine Auswahl zur Bildschirmdarstellung zu speichern. Anmelde-Cookies verfallen nach zwei Tagen, Cookies zur Bildschirmdarstellung nach einem Jahr. Wenn du bei der Anmeldung \u201eAngemeldet bleiben\u201c ausw\u00e4hlst, bleibt deine Anmeldung zwei Wochen lang bestehen. Mit dem Ausloggen werden die Anmelde-Cookies entfernt.\u00a0Wenn du einen Beitrag bearbeitest oder ver\u00f6ffentlichst, wird ein zus\u00e4tzlicher Cookie in deinem Browser gespeichert. Dieser Cookie enth\u00e4lt keine personenbezogenen Daten und verweist lediglich auf die Beitrags-ID des Artikels, den du gerade bearbeitet hast. Er verf\u00e4llt nach einem Tag.<\/p>\n\n\n\n<p><strong>Eingebettete Inhalte von anderen Websites<\/strong><br>Beitr\u00e4ge auf dieser Website k\u00f6nnen eingebettete Inhalte beinhalten (z. B. Videos, Bilder, Beitr\u00e4ge etc.). Eingebettete Inhalte von anderen Websites verhalten sich exakt so, als ob der Besucher die andere Website besucht h\u00e4tte.\u00a0Diese Websites k\u00f6nnen Daten \u00fcber dich sammeln, Cookies benutzen, zus\u00e4tzliche Tracking-Dienste Dritter einbetten und deine Interaktion mit diesem eingebetteten Inhalt aufzeichnen, inklusive deiner Interaktion mit dem eingebetteten Inhalt, falls du ein Konto hast und auf dieser Website angemeldet bist.<\/p>\n\n\n\n<p><strong>Mit wem wir deine Daten teilen<\/strong><br>Wenn du eine Passwort-Zur\u00fccksetzung beantragst, wird deine IP-Adresse in der Zur\u00fccksetzungs-E-Mail mitgesendet.<\/p>\n\n\n\n<p><strong>Wie lange wir deine Daten speichern<\/strong><br>Wenn du einen Kommentar schreibst, wird dieser inklusive Metadaten zeitlich unbegrenzt gespeichert. Auf diese Weise k\u00f6nnen wir Folgekommentare automatisch erkennen und freigeben, anstatt sie in einer Moderations-Warteschlange festzuhalten.\u00a0F\u00fcr registrierte Nutzer (falls vorhanden) speichern wir zus\u00e4tzlich die pers\u00f6nlichen Informationen, die sie in ihrem Nutzerprofil angeben. Alle Nutzer k\u00f6nnen jederzeit ihre pers\u00f6nlichen Daten einsehen, ver\u00e4ndern oder l\u00f6schen (au\u00dfer dem Benutzernamen kann dieser nicht ge\u00e4ndert werden). Website-Administratoren k\u00f6nnen diese Informationen ebenfalls einsehen und bearbeiten.<\/p>\n\n\n\n<p><strong>Welche Rechte du an deinen Daten hast<\/strong><br>Wenn du ein Konto auf dieser Website besitzt oder Kommentare hinterlassen hast, kannst du einen Export deiner personenbezogenen Daten bei uns anfordern, inklusive aller Daten, die du uns mitgeteilt hast. Au\u00dferdem kannst du die L\u00f6schung aller personenbezogenen Daten, die wir von dir gespeichert haben, verlangen. Dies umfasst nicht jene Daten, die wir aufgrund administrativer, rechtlicher oder sicherheitsrelevanter Verpflichtungen aufbewahren m\u00fcssen.<\/p>\n\n\n\n<p><strong>Wohin deine Daten gesendet werden<\/strong><br>Besucher-Kommentare k\u00f6nnten von einem automatisierten Dienst zur Spam-Erkennung \u00fcberpr\u00fcft werden.<\/p>\n","protected":false},"excerpt":{"rendered":"<p>Wer wir sindDie Adresse unserer Website ist: https:\/\/lustundliebeleipzig.de \u00a0KommentareWenn Besucher Kommentare auf der Website schreiben, sammeln wir die Daten, die im Kommentar-Formular angezeigt werden, au\u00dferdem die IP-Adresse des Besuchers und den User-Agent-String (damit wird der Browser identifiziert) zur Hilfe bei der Erkennung von Spam.\u00a0Aus deiner E-Mail-Adresse kann eine anonymisierte Zeichenfolge (auch Hash genannt) an den [&hellip;]<\/p>\n","protected":false},"author":1,"featured_media":0,"parent":0,"menu_order":0,"comment_status":"closed","ping_status":"open","template":"","meta":{"footnotes":""},"class_list":["post-3","page","type-page","status-publish","hentry"],"yoast_head":"<!-- This site is optimized with the Yoast SEO plugin v27.4 - https:\/\/yoast.com\/product\/yoast-seo-wordpress\/ -->\n<title>Datenschutzerkl\u00e4rung - Lust und Liebe Leipzig<\/title>\n<meta name=\"robots\" content=\"index, follow, max-snippet:-1, max-image-preview:large, max-video-preview:-1\" \/>\n<link rel=\"canonical\" href=\"https:\/\/lustundliebeleipzig.de\/?page_id=3\" \/>\n<meta property=\"og:locale\" content=\"de_DE\" \/>\n<meta property=\"og:type\" content=\"article\" \/>\n<meta property=\"og:title\" content=\"Datenschutzerkl\u00e4rung - Lust und Liebe Leipzig\" \/>\n<meta property=\"og:description\" content=\"Wer wir sindDie Adresse unserer Website ist: https:\/\/lustundliebeleipzig.de \u00a0KommentareWenn Besucher Kommentare auf der Website schreiben, sammeln wir die Daten, die im Kommentar-Formular angezeigt werden, au\u00dferdem die IP-Adresse des Besuchers und den User-Agent-String (damit wird der Browser identifiziert) zur Hilfe bei der Erkennung von Spam.\u00a0Aus deiner E-Mail-Adresse kann eine anonymisierte Zeichenfolge (auch Hash genannt) an den [&hellip;]\" \/>\n<meta property=\"og:url\" content=\"https:\/\/lustundliebeleipzig.de\/?page_id=3\" \/>\n<meta property=\"og:site_name\" content=\"Lust und Liebe Leipzig\" \/>\n<meta property=\"article:modified_time\" content=\"2026-02-22T08:40:58+00:00\" \/>\n<meta name=\"twitter:card\" content=\"summary_large_image\" \/>\n<meta name=\"twitter:label1\" content=\"Gesch\u00e4tzte Lesezeit\" \/>\n\t<meta name=\"twitter:data1\" content=\"3\u00a0Minuten\" \/>\n<script type=\"application\/ld+json\" class=\"yoast-schema-graph\">{\"@context\":\"https:\\\/\\\/schema.org\",\"@graph\":[{\"@type\":\"WebPage\",\"@id\":\"https:\\\/\\\/lustundliebeleipzig.de\\\/?page_id=3\",\"url\":\"https:\\\/\\\/lustundliebeleipzig.de\\\/?page_id=3\",\"name\":\"Datenschutzerkl\u00e4rung - Lust und Liebe Leipzig\",\"isPartOf\":{\"@id\":\"https:\\\/\\\/lustundliebeleipzig.de\\\/#website\"},\"datePublished\":\"2026-02-16T10:24:25+00:00\",\"dateModified\":\"2026-02-22T08:40:58+00:00\",\"breadcrumb\":{\"@id\":\"https:\\\/\\\/lustundliebeleipzig.de\\\/?page_id=3#breadcrumb\"},\"inLanguage\":\"de\",\"potentialAction\":[{\"@type\":\"ReadAction\",\"target\":[\"https:\\\/\\\/lustundliebeleipzig.de\\\/?page_id=3\"]}]},{\"@type\":\"BreadcrumbList\",\"@id\":\"https:\\\/\\\/lustundliebeleipzig.de\\\/?page_id=3#breadcrumb\",\"itemListElement\":[{\"@type\":\"ListItem\",\"position\":1,\"name\":\"Start\",\"item\":\"https:\\\/\\\/lustundliebeleipzig.de\\\/\"},{\"@type\":\"ListItem\",\"position\":2,\"name\":\"Datenschutzerkl\u00e4rung\"}]},{\"@type\":\"WebSite\",\"@id\":\"https:\\\/\\\/lustundliebeleipzig.de\\\/#website\",\"url\":\"https:\\\/\\\/lustundliebeleipzig.de\\\/\",\"name\":\"Lust und Liebe Leipzig\",\"description\":\"Somatische Sexologie f\u00fcr Individuen und Paare\",\"publisher\":{\"@id\":\"https:\\\/\\\/lustundliebeleipzig.de\\\/#organization\"},\"potentialAction\":[{\"@type\":\"SearchAction\",\"target\":{\"@type\":\"EntryPoint\",\"urlTemplate\":\"https:\\\/\\\/lustundliebeleipzig.de\\\/?s={search_term_string}\"},\"query-input\":{\"@type\":\"PropertyValueSpecification\",\"valueRequired\":true,\"valueName\":\"search_term_string\"}}],\"inLanguage\":\"de\"},{\"@type\":\"Organization\",\"@id\":\"https:\\\/\\\/lustundliebeleipzig.de\\\/#organization\",\"name\":\"Lust und Liebe Leipzig\",\"url\":\"https:\\\/\\\/lustundliebeleipzig.de\\\/\",\"logo\":{\"@type\":\"ImageObject\",\"inLanguage\":\"de\",\"@id\":\"https:\\\/\\\/lustundliebeleipzig.de\\\/#\\\/schema\\\/logo\\\/image\\\/\",\"url\":\"https:\\\/\\\/lustundliebeleipzig.de\\\/wp-content\\\/uploads\\\/2026\\\/02\\\/Lust.png\",\"contentUrl\":\"https:\\\/\\\/lustundliebeleipzig.de\\\/wp-content\\\/uploads\\\/2026\\\/02\\\/Lust.png\",\"width\":2000,\"height\":2000,\"caption\":\"Lust und Liebe Leipzig\"},\"image\":{\"@id\":\"https:\\\/\\\/lustundliebeleipzig.de\\\/#\\\/schema\\\/logo\\\/image\\\/\"}}]}<\/script>\n<!-- \/ Yoast SEO plugin. -->","yoast_head_json":{"title":"Datenschutzerkl\u00e4rung - Lust und Liebe Leipzig","robots":{"index":"index","follow":"follow","max-snippet":"max-snippet:-1","max-image-preview":"max-image-preview:large","max-video-preview":"max-video-preview:-1"},"canonical":"https:\/\/lustundliebeleipzig.de\/?page_id=3","og_locale":"de_DE","og_type":"article","og_title":"Datenschutzerkl\u00e4rung - Lust und Liebe Leipzig","og_description":"Wer wir sindDie Adresse unserer Website ist: https:\/\/lustundliebeleipzig.de \u00a0KommentareWenn Besucher Kommentare auf der Website schreiben, sammeln wir die Daten, die im Kommentar-Formular angezeigt werden, au\u00dferdem die IP-Adresse des Besuchers und den User-Agent-String (damit wird der Browser identifiziert) zur Hilfe bei der Erkennung von Spam.\u00a0Aus deiner E-Mail-Adresse kann eine anonymisierte Zeichenfolge (auch Hash genannt) an den [&hellip;]","og_url":"https:\/\/lustundliebeleipzig.de\/?page_id=3","og_site_name":"Lust und Liebe Leipzig","article_modified_time":"2026-02-22T08:40:58+00:00","twitter_card":"summary_large_image","twitter_misc":{"Gesch\u00e4tzte Lesezeit":"3\u00a0Minuten"},"schema":{"@context":"https:\/\/schema.org","@graph":[{"@type":"WebPage","@id":"https:\/\/lustundliebeleipzig.de\/?page_id=3","url":"https:\/\/lustundliebeleipzig.de\/?page_id=3","name":"Datenschutzerkl\u00e4rung - Lust und Liebe Leipzig","isPartOf":{"@id":"https:\/\/lustundliebeleipzig.de\/#website"},"datePublished":"2026-02-16T10:24:25+00:00","dateModified":"2026-02-22T08:40:58+00:00","breadcrumb":{"@id":"https:\/\/lustundliebeleipzig.de\/?page_id=3#breadcrumb"},"inLanguage":"de","potentialAction":[{"@type":"ReadAction","target":["https:\/\/lustundliebeleipzig.de\/?page_id=3"]}]},{"@type":"BreadcrumbList","@id":"https:\/\/lustundliebeleipzig.de\/?page_id=3#breadcrumb","itemListElement":[{"@type":"ListItem","position":1,"name":"Start","item":"https:\/\/lustundliebeleipzig.de\/"},{"@type":"ListItem","position":2,"name":"Datenschutzerkl\u00e4rung"}]},{"@type":"WebSite","@id":"https:\/\/lustundliebeleipzig.de\/#website","url":"https:\/\/lustundliebeleipzig.de\/","name":"Lust und Liebe Leipzig","description":"Somatische Sexologie f\u00fcr Individuen und Paare","publisher":{"@id":"https:\/\/lustundliebeleipzig.de\/#organization"},"potentialAction":[{"@type":"SearchAction","target":{"@type":"EntryPoint","urlTemplate":"https:\/\/lustundliebeleipzig.de\/?s={search_term_string}"},"query-input":{"@type":"PropertyValueSpecification","valueRequired":true,"valueName":"search_term_string"}}],"inLanguage":"de"},{"@type":"Organization","@id":"https:\/\/lustundliebeleipzig.de\/#organization","name":"Lust und Liebe Leipzig","url":"https:\/\/lustundliebeleipzig.de\/","logo":{"@type":"ImageObject","inLanguage":"de","@id":"https:\/\/lustundliebeleipzig.de\/#\/schema\/logo\/image\/","url":"https:\/\/lustundliebeleipzig.de\/wp-content\/uploads\/2026\/02\/Lust.png","contentUrl":"https:\/\/lustundliebeleipzig.de\/wp-content\/uploads\/2026\/02\/Lust.png","width":2000,"height":2000,"caption":"Lust und Liebe Leipzig"},"image":{"@id":"https:\/\/lustundliebeleipzig.de\/#\/schema\/logo\/image\/"}}]}},"_links":{"self":[{"href":"https:\/\/lustundliebeleipzig.de\/index.php?rest_route=\/wp\/v2\/pages\/3","targetHints":{"allow":["GET"]}}],"collection":[{"href":"https:\/\/lustundliebeleipzig.de\/index.php?rest_route=\/wp\/v2\/pages"}],"about":[{"href":"https:\/\/lustundliebeleipzig.de\/index.php?rest_route=\/wp\/v2\/types\/page"}],"author":[{"embeddable":true,"href":"https:\/\/lustundliebeleipzig.de\/index.php?rest_route=\/wp\/v2\/users\/1"}],"replies":[{"embeddable":true,"href":"https:\/\/lustundliebeleipzig.de\/index.php?rest_route=%2Fwp%2Fv2%2Fcomments&post=3"}],"version-history":[{"count":1,"href":"https:\/\/lustundliebeleipzig.de\/index.php?rest_route=\/wp\/v2\/pages\/3\/revisions"}],"predecessor-version":[{"id":129,"href":"https:\/\/lustundliebeleipzig.de\/index.php?rest_route=\/wp\/v2\/pages\/3\/revisions\/129"}],"wp:attachment":[{"href":"https:\/\/lustundliebeleipzig.de\/index.php?rest_route=%2Fwp%2Fv2%2Fmedia&parent=3"}],"curies":[{"name":"wp","href":"https:\/\/api.w.org\/{rel}","templated":true}]}}